{"id":28,"date":"2014-08-18T09:22:31","date_gmt":"2014-08-18T07:22:31","guid":{"rendered":"http:\/\/decolonize-mitte.de\/?page_id=28"},"modified":"2016-06-30T11:53:47","modified_gmt":"2016-06-30T09:53:47","slug":"m-strasse","status":"publish","type":"page","link":"http:\/\/decolonize-mitte.de\/?page_id=28","title":{"rendered":"M-Stra\u00dfe"},"content":{"rendered":"<h2>Informationen zur M-Stra\u00dfe<\/h2>\n<h3><strong>23.08.2015 Hintergr\u00fcnde zur Umbenennung der Berliner &#8222;M-Stra\u00dfe&#8220;<\/strong><\/h3>\n<h3><a href=\"http:\/\/decolonize-mitte.de\/?p=238\" target=\"_blank\">mehr&gt;&gt;&gt;<\/a><\/h3>\n<p>&nbsp;<\/p>\n<h3><strong>11.05.2015 White Myths &#8211; Black History: Der Fall der Berliner &#8222;Mohrenstra\u00dfe&#8220;, Artikel des Historikers Christian Kopp<\/strong><\/h3>\n<h3><a title=\"Artikel White Myths - Black History\" href=\"http:\/\/lernen-aus-der-geschichte.de\/Lernen-und-Lehren\/content\/12338\" target=\"_blank\">mehr&gt;&gt;<\/a><\/h3>\n<p>&nbsp;<\/p>\n<h3><strong>27.02.2015 Video zu rassistischen Stra\u00dfennamen in Berlin: Stimmen von Aktivist_innen<\/strong><\/h3>\n<h3><a title=\"Rassistische Stra\u00dfennamen in Berlin: Stimmen von Aktivist_innen\" href=\"http:\/\/decolonize-mitte.de\/?p=187\" target=\"_blank\">mehr&gt;&gt;<\/a><\/h3>\n<p>&nbsp;<\/p>\n<h3><strong>26.01.2015 Offener Brief des Zentralrats der afrikanischen Gemeinde in Deutschland <\/strong><\/h3>\n<h3><a title=\"Offener Brief\" href=\"http:\/\/decolonize-mitte.de\/?p=163\">mehr&gt;&gt;<\/a><\/h3>\n<h3><\/h3>\n<p>&nbsp;<\/p>\n<h3><strong>22.01.2015 Promi-Ansagen in der U2<em class=\"hcf-overline\"> &#8211; <\/em><span class=\"hcf-headline\">Dieter Hallervorden hat \u00c4rger wegen &#8222;Mohrenstra\u00dfe&#8220;, Artikel auf Tagesspiegel.de von Pascale M\u00fcller<br \/>\n<\/span><\/strong><\/h3>\n<h3><a href=\"http:\/\/www.tagesspiegel.de\/berlin\/promi-ansagen-in-der-u2-dieter-hallervorden-hat-aerger-wegen-mohrenstrasse\/11262626.html\">mehr&gt;&gt;<\/a><\/h3>\n<p>&nbsp;<\/p>\n<h3><strong>26.02.2014 &#8222;Hei\u00dfe Mohr, will nichts verstehen&#8220;, Sprachlog von Sprachwissenschaftler Anatol Stefanowitsch<\/strong><\/h3>\n<h3><a title=\"Sprachlog\" href=\"http:\/\/www.sprachlog.de\/2014\/02\/26\/heisse-mohr-will-nichts-verstehen\/\" target=\"_blank\">mehr&gt;&gt;<\/a><\/h3>\n<p>&nbsp;<\/p>\n<h3><strong>12.11.2013 Kreative Intervention in Frankfurt\/Main: Umbenennung der Mohren- in M\u00f6hrenapotheke<\/strong><\/h3>\n<h3><a title=\"M\u00f6hrenapotheke\" href=\"http:\/\/moehrenapotheke.wordpress.com\/\" target=\"_blank\">mehr&gt;&gt;<\/a> Aufruf zur Umbenennung an die <a href=\"http:\/\/www.mohren-apotheke-frankfurt.de\/\" target=\"_blank\">Mohrenapotheke<\/a> in Frankfurt\/Main<\/h3>\n<h3><\/h3>\n<p>&nbsp;<\/p>\n<h3><strong>2010, Ulrike Hamann: &#8222;Das M-Wort&#8220;, in:\u00a0Adibeli Nduka-Agwu, Lann Hornscheidt (Hg.) Rassismus auf gut Deutsch: Ein kritisches Nachschlagewerk zu rassistischen Sprachhandlungen, Brandes &amp; Apsel Verlag GmbH Frankfurt am Main; Auflage: 1., Auflage 2010. S. 146-156.<\/strong><\/h3>\n<h3><a href=\"http:\/\/decolonize-mitte.de\/?p=129\" target=\"_blank\">mehr&gt;&gt;<\/a><\/h3>\n<p>&nbsp;<\/p>\n<h3><strong>1889: Historische Dokumente zum brandenburgisch-preu\u00dfischen Handel mit Versklavten in <span style=\"color: #000000;\">R. Sch\u00fcck \u201eBrandenburg-Preu\u00dfens Kolonial-Politik unter dem Gro\u00dfen Kurf\u00fcrsten\u201c Bd.2 \u201eUrkunden und Dokumente\u201c, Auswahl<\/span><\/strong><\/h3>\n<h3><a href=\"http:\/\/www.berlin-postkolonial.de\/cms\/index.php?option=com_content&amp;view=article&amp;id=58%3Aschueckkolonial-politik&amp;catid=2%3Adokumente&amp;Itemid=8\" target=\"_blank\">mehr&gt;&gt;<\/a><\/h3>\n<h2><\/h2>\n<p>&nbsp;<\/p>\n","protected":false},"excerpt":{"rendered":"<p>Informationen zur M-Stra\u00dfe 23.08.2015 Hintergr\u00fcnde zur Umbenennung der Berliner &#8222;M-Stra\u00dfe&#8220; mehr&gt;&gt;&gt; &nbsp; 11.05.2015 White Myths &#8211; Black History: Der Fall der Berliner &#8222;Mohrenstra\u00dfe&#8220;, Artikel des Historikers Christian Kopp mehr&gt;&gt; &nbsp; 27.02.2015 Video zu rassistischen Stra\u00dfennamen in Berlin: Stimmen von Aktivist_innen mehr&gt;&gt; &nbsp; 26.01.2015 Offener Brief des Zentralrats der afrikanischen Gemeinde in Deutschland mehr&gt;&gt; &nbsp; 22.01.2015<\/p>\n<p><a href=\"http:\/\/decolonize-mitte.de\/?page_id=28\" class=\"more-link themebutton\">Read More<\/a><\/p>\n","protected":false},"author":1,"featured_media":0,"parent":0,"menu_order":0,"comment_status":"closed","ping_status":"closed","template":"","meta":[],"_links":{"self":[{"href":"http:\/\/decolonize-mitte.de\/index.php?rest_route=\/wp\/v2\/pages\/28"}],"collection":[{"href":"http:\/\/decolonize-mitte.de\/index.php?rest_route=\/wp\/v2\/pages"}],"about":[{"href":"http:\/\/decolonize-mitte.de\/index.php?rest_route=\/wp\/v2\/types\/page"}],"author":[{"embeddable":true,"href":"http:\/\/decolonize-mitte.de\/index.php?rest_route=\/wp\/v2\/users\/1"}],"replies":[{"embeddable":true,"href":"http:\/\/decolonize-mitte.de\/index.php?rest_route=%2Fwp%2Fv2%2Fcomments&post=28"}],"version-history":[{"count":30,"href":"http:\/\/decolonize-mitte.de\/index.php?rest_route=\/wp\/v2\/pages\/28\/revisions"}],"predecessor-version":[{"id":319,"href":"http:\/\/decolonize-mitte.de\/index.php?rest_route=\/wp\/v2\/pages\/28\/revisions\/319"}],"wp:attachment":[{"href":"http:\/\/decolonize-mitte.de\/index.php?rest_route=%2Fwp%2Fv2%2Fmedia&parent=28"}],"curies":[{"name":"wp","href":"https:\/\/api.w.org\/{rel}","templated":true}]}}