{"id":26,"date":"2014-08-18T09:17:15","date_gmt":"2014-08-18T07:17:15","guid":{"rendered":"http:\/\/decolonize-mitte.de\/?page_id=26"},"modified":"2020-07-12T20:34:57","modified_gmt":"2020-07-12T18:34:57","slug":"about","status":"publish","type":"page","link":"http:\/\/decolonize-mitte.de\/?page_id=26","title":{"rendered":"About"},"content":{"rendered":"<h2>Zum &#8222;B\u00fcndnis Decolonize-Mitte&#8220; geh\u00f6ren (Stand 2015):<\/h2>\n<ul>\n<li>\n<h4><strong><a title=\"AfricAvenir International\" href=\"http:\/\/www.africavenir.org\/nc\/home.html\" target=\"_blank\" rel=\"noopener noreferrer\">AfricAvenir International<\/a><\/strong><\/h4>\n<\/li>\n<li>\n<h4><strong>Aktionsgruppe M-Stra\u00dfe<\/strong><\/h4>\n<\/li>\n<li>\n<h4><strong><a title=\"Berliner Entwicklungspolitischer Ratschlag\" href=\"http:\/\/ber-ev.de\/aktuelles\" target=\"_blank\" rel=\"noopener noreferrer\">Berliner Entwicklungspolitischer Ratschlag (BER) &#8211; Berliner Landesnetzwerk der entwicklungspolitischen Nichtregierungsorganisationen<\/a><\/strong><\/h4>\n<\/li>\n<li>\n<h4><strong>Berlin Postkolonial<\/strong><\/h4>\n<\/li>\n<li>\n<h4><strong><a title=\"Initiative Scwarze Menschen in Deutschland - online\" href=\"http:\/\/isdonline.de\/\" target=\"_blank\" rel=\"noopener noreferrer\">Initiative Schwarze Menschen in Deutschland (ISD-Bund)<\/a><\/strong><\/h4>\n<\/li>\n<\/ul>\n<h2>Die Umbenennung der Berliner M-Stra\u00dfe nach einer Pers\u00f6nlichkeit afrikanischer Herkunft unterst\u00fctzen (Stand 2015):<\/h2>\n<h4><strong> Die Mitgliedsorganisationen des Zentralrats der afrikanischen Gemeinde in Deutschland e.V.<br \/>\n<\/strong><\/h4>\n<p>1. Afrika-Rat-Dachverband afrikanischer Vereine und Initiativen Berlin-Brandenburg e.V.<br \/>\n2. Afrikanische \u00d6kumenische Kirche e.V.<br \/>\n3. Afrikanisches Samariterwerk e.V.<br \/>\n4. Afrikanisches Wirtschaftsforum<br \/>\n5. AFROTAK TVcyberNomads, Berlin<br \/>\n6. Amicale des Amis de La Mauritanie &#8211; Freundeskreis Mauretanien e.V.<br \/>\n7. ANEE e. V. African Network for Education and Entertainment<br \/>\n8. Association des Guin\u00e9ens de Berlin e.V.<br \/>\n9. Associaton des Ivoirien de Berlin e.V.<br \/>\n10. BLACK FLOWERS e.V., Potsdam<br \/>\n11. Deutscher F\u00f6rderverein e. V.<br \/>\n12. Egbe Omo Onduduwa e.V<br \/>\n13. Ghanaian Community<br \/>\n14. Global Afrikan Congress, Berlin<br \/>\n15. IAAH &#8211; Angolanische Antimilitarische Menscheninitiative e. V.<br \/>\n16. Initiative Oury Jalloh<br \/>\n17. Initiative Schwarze Menschen in Deutschland \u2013 ISD-Bund e.V.<br \/>\n18. Joliba &#8211; Interkulturell Leben und Arbeiten e.V., Berlin<br \/>\n19. KADIB &#8211; Komitee f\u00fcr ein afrikanisches Denkmal in Berlin<br \/>\n20. LONAM &#8211; Das afrikanische Magazin, Berlin<br \/>\n21. Mama Afrika e.V., Berlin<br \/>\n22. NIDO e.V. &#8211; Nigerian in Diaspora<br \/>\n23. Nigerian Community Berlin e.V.<br \/>\n24. Oromo Horn von Afrika-Zentrum e.V.<br \/>\n25. PAF- Panafrikanisches Forum e.V.<br \/>\n26. Pan-African Women&#8217;s Empowerment and Liberation Org. &#8211; PAWLO Germany e.V.<br \/>\n27. Pro &#8211; Afrika e.V.<br \/>\n28. Refugees Emancipation e.V.<br \/>\n29. Remix e.V.<br \/>\n30. Sierra Leone Community e.V.<br \/>\n31. Sudanclub e.V.<br \/>\n32. Sudangemeinde Berlin &amp; Brandenburg e.V.<br \/>\n33. Sunugaal e.V.<br \/>\n34. Togo Act<br \/>\n35. Uganda Community Berlin<br \/>\n36. Umoja wa Tansania e.V.<br \/>\n37. Women in Exile<br \/>\n38. Afrikarat-Nord e.V.<br \/>\n39. Panafrikanischer Verein Arma e.V., Hannover<br \/>\n40. African Muslim Union e.V., Hannover, Hamburg, Bremen<br \/>\n41. Benkady e.V., Burgdorf<br \/>\n42. Balimaya Ton e.V. \u2013 Frauen aus Mali, Senegal, Niger, Guinea-Conakry, Elfenbeink\u00fcste, HH<br \/>\n43. Ivorische Gemeinde in Hannover und Umgebung A.I.H.E e.V.<br \/>\n44. Afrikanischer Dachverband Nord e.V. (ADV-Nord)<br \/>\n45. Egbe IsedaleAti Ilosiwaju Omo Yoruba e.V.<br \/>\n46. Kamerunische Gemeinschaft Hannover e.V.<br \/>\n47. Hilfe f\u00fcr ehemalige Kindersoldaten und afrikanische Kriegsopfer e.V.<br \/>\n48. Ghana Association e.V.<br \/>\n49. Afrika Promotion &amp; Projekt<br \/>\n50. Pro Lufalanga e.V.<br \/>\n51. AK Panafrikanismus M\u00fcnchen e.V.<br \/>\n52. Afrika Bund e.V., Hamburg<\/p>\n<p><strong>Weitere Nichtregierungsorganisationen: <\/strong><\/p>\n<ol>\n<li>\n<h5>AfricAvenir International e.V., Berlin, Douala, Windhoek<\/h5>\n<\/li>\n<li>\n<h5>Aktion 3.Welt Saar<\/h5>\n<\/li>\n<li>\n<h5>Aktionsgruppe M-Stra\u00dfe, Berlin<\/h5>\n<\/li>\n<li>\n<h5>Anti-bias-netz, Berlin<\/h5>\n<\/li>\n<li>\n<h5>Ausl\u00e4nderarbeit der Ev. Galil\u00e4a-Samariter-Kirchengemeinde, Berlin<\/h5>\n<\/li>\n<li>\n<h5>Barnimer Kampagne &#8222;Light me Amadeu&#8220;, Eberswalde<\/h5>\n<\/li>\n<li>\n<h5>Berliner Entwicklungspolitischer Ratschlag e.V. \u2013 Landesnetzwerk der Berliner entwicklungspolitischen Nichtregierungsorganisationen (mit 100 Mitgliedsorganisationen)<\/h5>\n<\/li>\n<li>\n<h5>Berliner Vereinigung der Verfolgten des Naziregimes-Bund der Antifaschistinnen und Antifaschisten e.V.<\/h5>\n<\/li>\n<li>\n<h5>Berlin Postkolonial e.V.<\/h5>\n<\/li>\n<li>\n<h5>Bildungswerkstatt Migration &amp; Gesellschaft e.V., Bremen<\/h5>\n<\/li>\n<li>\n<h5>B\u00fcndnis gegen Rassismus, Berlin<\/h5>\n<\/li>\n<li>\n<h5>B\u00fcndnis \u201eH\u00e4nde weg vom Wedding\u201c, Berlin<\/h5>\n<\/li>\n<li>\n<h5>B\u00fcndnis \u201eNo Humboldt 21!\u201c, Berlin<\/h5>\n<\/li>\n<li>\n<h5>Eine Welt der Vielfalt e.V<\/h5>\n<\/li>\n<li>\n<h5>Eine-Welt-Landesnetzwerk Mecklenburg Vorpommern e.V., Rostock<\/h5>\n<\/li>\n<li>\n<h5>Erinnerungsorte. Praxisforschungsprojekt an der Alice Salomon Hochschule Berlin<\/h5>\n<\/li>\n<li>\n<h5>Fachstelle KINDERWELTEN f\u00fcr Vorurteilsbewusste Bildung und Erziehung am Institut f\u00fcr den Situationsansatz\/ Internationale Akademie INA gGmbH<\/h5>\n<\/li>\n<li>\n<h5>Frauenkreise Berlin<\/h5>\n<\/li>\n<li>\n<h5>Germanwatch e.V., Berlin<\/h5>\n<\/li>\n<li>\n<h5>glokal e.V., Berlin<\/h5>\n<\/li>\n<li>\n<h5>Initiative with WINGS and ROOTS, Berlin<\/h5>\n<\/li>\n<li>\n<h5>Interkulturelles Frauenzentrum S.U.S.I., Berlin<\/h5>\n<\/li>\n<li>\n<h5>Informationsb\u00fcro Nicaragua e.V., Wuppertal<\/h5>\n<\/li>\n<li>\n<h5>GR\u00dcNE JUGEND, Berlin<\/h5>\n<\/li>\n<li>\n<h5>korientation e.V, (Netzwerk von Asiatischen Deutschen, Asiaten und Asiatinnen in Deutschland), Berlin<\/h5>\n<\/li>\n<li>\n<h5>Kurdische Gemeinde zu Berlin-Brandenburg e.V.<\/h5>\n<\/li>\n<li>\n<h5>Kurdisches Zentrum e.V., Berlin<\/h5>\n<\/li>\n<li>\n<h5>Leapfrog e.V., Berlin<\/h5>\n<\/li>\n<li>\n<h5>Leipzig Postkolonial<\/h5>\n<\/li>\n<li>\n<h5>M\u00e4dchenmannschaft e.V., Berlin<\/h5>\n<\/li>\n<li>\n<h5>[muc] m\u00fcnchen postkolonial<\/h5>\n<\/li>\n<li>\n<h5>Miteinanders gGmbH, Hamburg<\/h5>\n<\/li>\n<li>\n<h5>Migrationsrat Berlin-Brandenburg e.V. (mit 67 Mitgliedsorganisationen)<\/h5>\n<\/li>\n<li>\n<h5>NicaNetz &#8211; Freiwilligen-Netzwerk Nicaragua e. V., Erfurt<\/h5>\n<\/li>\n<li>\n<h5>Projekt \u201eFreedom Roads! koloniale stra\u00dfennamen \u2013 postkoloniale erinnerungskultur\u201c, Berlin\/Hamburg<\/h5>\n<\/li>\n<li>\n<h5>Phoenix e.V., Duisburg<\/h5>\n<\/li>\n<li>\n<h5>Stoffwechsel e.V. &#8211; Dialoge und Projekte zur F\u00f6rderung des Menschenrechts auf Bildung, Karlsruhe<\/h5>\n<\/li>\n<li>\n<h5>Tanzania-Network.de e.V., Berlin<\/h5>\n<\/li>\n<li>\n<h5>Verein zur F\u00f6rderung der St\u00e4dtepartnerschaft Kreuzberg &#8211; San Rafael del Sur e.V., Berlin<\/h5>\n<\/li>\n<li>\n<h5>W3 &#8211; Werkstatt f\u00fcr internationale Kultur und Politik e.V., Hamburg<\/h5>\n<\/li>\n<\/ol>\n","protected":false},"excerpt":{"rendered":"<p>Zum &#8222;B\u00fcndnis Decolonize-Mitte&#8220; geh\u00f6ren (Stand 2015): AfricAvenir International Aktionsgruppe M-Stra\u00dfe Berliner Entwicklungspolitischer Ratschlag (BER) &#8211; Berliner Landesnetzwerk der entwicklungspolitischen Nichtregierungsorganisationen Berlin Postkolonial Initiative Schwarze Menschen in Deutschland (ISD-Bund) Die Umbenennung der Berliner M-Stra\u00dfe nach einer Pers\u00f6nlichkeit afrikanischer Herkunft unterst\u00fctzen (Stand 2015): Die Mitgliedsorganisationen des Zentralrats der afrikanischen Gemeinde in Deutschland e.V. 1. Afrika-Rat-Dachverband afrikanischer Vereine<\/p>\n<p><a href=\"http:\/\/decolonize-mitte.de\/?page_id=26\" class=\"more-link themebutton\">Read More<\/a><\/p>\n","protected":false},"author":1,"featured_media":0,"parent":0,"menu_order":0,"comment_status":"closed","ping_status":"closed","template":"","meta":[],"_links":{"self":[{"href":"http:\/\/decolonize-mitte.de\/index.php?rest_route=\/wp\/v2\/pages\/26"}],"collection":[{"href":"http:\/\/decolonize-mitte.de\/index.php?rest_route=\/wp\/v2\/pages"}],"about":[{"href":"http:\/\/decolonize-mitte.de\/index.php?rest_route=\/wp\/v2\/types\/page"}],"author":[{"embeddable":true,"href":"http:\/\/decolonize-mitte.de\/index.php?rest_route=\/wp\/v2\/users\/1"}],"replies":[{"embeddable":true,"href":"http:\/\/decolonize-mitte.de\/index.php?rest_route=%2Fwp%2Fv2%2Fcomments&post=26"}],"version-history":[{"count":16,"href":"http:\/\/decolonize-mitte.de\/index.php?rest_route=\/wp\/v2\/pages\/26\/revisions"}],"predecessor-version":[{"id":387,"href":"http:\/\/decolonize-mitte.de\/index.php?rest_route=\/wp\/v2\/pages\/26\/revisions\/387"}],"wp:attachment":[{"href":"http:\/\/decolonize-mitte.de\/index.php?rest_route=%2Fwp%2Fv2%2Fmedia&parent=26"}],"curies":[{"name":"wp","href":"https:\/\/api.w.org\/{rel}","templated":true}]}}