{"id":2,"date":"2014-08-13T05:43:47","date_gmt":"2014-08-13T03:43:47","guid":{"rendered":"http:\/\/decolonize-mitte.de\/?page_id=2"},"modified":"2014-11-20T02:54:20","modified_gmt":"2014-11-20T00:54:20","slug":"impressum","status":"publish","type":"page","link":"http:\/\/decolonize-mitte.de\/?page_id=2","title":{"rendered":"Impressum"},"content":{"rendered":"<p>Berlin Postkolonial e.V.<br \/>\nProjektb\u00fcro Kameruner Str. 1<br \/>\nD-13189 Berlin<br \/>\nGermany<\/p>\n<p>Inhaltlich Verantwortlicher n. \u00a7 10 Abs. 3 MDStV<br \/>\nChristian Kopp<\/p>\n<p>Disclaimer<br \/>\nDie Autoren \u00fcbernehmen keinerlei Gew\u00e4hr f\u00fcr die Aktualit\u00e4t, Korrektheit, Vollst\u00e4ndigkeit oder Qualit\u00e4t der bereitgestellten Informationen. Haftungsanspr\u00fcche gegen die Autoren, welche sich auf Sch\u00e4den materieller oder ideeller Art beziehen, die durch die Nutzung oder Nichtnutzung der dargebotenen Informationen bzw. durch die Nutzung fehlerhafter und unvollst\u00e4ndiger Informationen verursacht wurden, sind grunds\u00e4tzlich ausgeschlossen, sofern seitens der Autoren kein nachweislich vors\u00e4tzliches oder grob fahrl\u00e4ssiges Verschulden vorliegt.<\/p>\n<p>Alle Angebote sind freibleibend und unverbindlich. Die Autoren behalten es sich ausdr\u00fccklich vor, Teile der Seiten oder das gesamte Angebot ohne gesonderte Ank\u00fcndigung und Begr\u00fcndung zu ver\u00e4ndern, zu erg\u00e4nzen, zu l\u00f6schen oder die Ver\u00f6ffentlichung zeitweise oder endg\u00fcltig einzustellen.<\/p>\n<p>Bei den externen Links handelt es sich um eine subjektive Auswahl von Verweisen auf andere Internetseiten. F\u00fcr den Inhalt dieser Seiten sind die jeweiligen Betreiber\/Verfasser selbst verantwortlich und haftbar. Von etwaigen illegalen, pers\u00f6nlichkeitsverletzenden, moralisch oder ethish anst\u00f6\u00dfigen Inhalten distanzieren wir uns in aller Deutlichkeit. Bitte informieren Sie uns, wenn wir auf ein solches Angebot linken sollten.<\/p>\n<p>Diese Erkl\u00e4rung gilt f\u00fcr alle auf dieser Homepage angebrachten Links und f\u00fcr Fremdeintr\u00e4ge sowie f\u00fcr alle Inhalte der Seiten, zu denen die hier gelinkten Seiten f\u00fchren. Bei &#8218;Links&#8216; handelt es sich allerdings stets um &#8218;lebende&#8216; (dynamische) Verweisungen. Die Autoren haben bei der erstmaligen Verkn\u00fcpfung zwar den fremden Inhalt daraufhin \u00fcberpr\u00fcft, ob durch ihn eine m\u00f6gliche zivilrechtliche oder strafrechtliche Verantwortlichkeit ausgel\u00f6st wird. Die Inhaltanbieter sind aber nicht dazu verpflichtet, die Inhalte, auf die sie in ihrem Angebot verweisen, st\u00e4ndig auf Ver\u00e4nderungen zu \u00fcberpr\u00fcfen, die eine Verantwortlichkeit neu begr\u00fcnden k\u00f6nnten. Erst wenn sie feststellen oder von anderen darauf hingewiesen werden, dass ein konkretes Angebot, zu dem sie einen Link bereitgestellt haben, eine zivil- oder strafrechtliche Verantwortlichkeit ausl\u00f6st, werden sie den Verweis auf dieses Angebot aufheben, soweit ihnen dies technisch m\u00f6glich und zumutbar ist. Die technische M\u00f6glichkeit und Zumutbarkeit wird nicht dadurch beeinflu\u00dft, da\u00df auch nach Unterbindung des Zugriffs von der berliner-afrika-konferenz.de-Homepage von anderen Servern aus auf das rechtswidrige oder strafbare Angebot zugegriffen werden kann.<\/p>\n<p>Eine Vervielf\u00e4ltigung der auf diesen Seiten angebotenen Dateien auf ein jegliches Medium bedarf der direkten oder konkludenten Genehmigung durch die jeweiligen Autoren. Die Darstellung einer Seite aus diesem Dienst in dem Frame einer fremden Seite oder das Darstellen von Inhalten dieses Dienstes als eigene Information ist grunds\u00e4tzlich untersagt.<\/p>\n<p>Gesch\u00e4tzte Warenzeichen und Namen, Bilder und Texte wurden in der Regel nicht als solche kenntlich gemacht. Das Fehlen einer solchen Kennzeichnung bedeutet nicht, dass es sich um einen freien Namen, ein freies Bild oder einen freien Text des Waren- und Markenzeichenrechts handelt. Alle Informationen, Firmenzeichen, Texte, Programme, Graphiken und Bilder unterliegen dem Urheberrecht. Sie sind, soweit keine anderen Eigentumsvorbehalte greifen, Eigentum der Autoren.<\/p>\n<p>Die ausgew\u00e4hlten Materialien auf dieser Seite werden verwendet in \u00dcbereinstimmung mit den Prinzipien des fairen bzw. akzeptablen Gebrauchs zum Zwecke der Rezension, Forschung, Kritik oder Berichterstattung wie es im internationalen Urheberrrecht festgelegt worden ist. Des weiteren dienen sie kulturellen und k\u00fcnstlerischen Zwecken. Bei einer Verletzung von fremdem Urheberrecht oder sonstigen Rechten durch die Seitenbetreiber oder eines Autors ist auf die Verletzung per eMail buero(at)berlin-postkolonial.de hinzuweisen. Bei Bestehen einer Verletzung wird der Sachverhalt umgehend beseitigt.<\/p>\n<p>Salvatorische Klausel: Sofern Teile oder einzelne Formulierungen dieses Textes der geltenden Rechtslage nicht, nicht mehr oder nicht vollst\u00e4ndig entsprechen sollten, bleiben die \u00fcbrigen Teile des Dokumentes in ihrem Inhalt und ihrer G\u00fcltigkeit davon unber\u00fchrt.<\/p>\n<p>Bei Fragen wenden Sie sich bitte an folgende E-Mailadresse: buero(at)berlin-postkolonial.de<\/p>\n","protected":false},"excerpt":{"rendered":"<p>Berlin Postkolonial e.V. Projektb\u00fcro Kameruner Str. 1 D-13189 Berlin Germany Inhaltlich Verantwortlicher n. \u00a7 10 Abs. 3 MDStV Christian Kopp Disclaimer Die Autoren \u00fcbernehmen keinerlei Gew\u00e4hr f\u00fcr die Aktualit\u00e4t, Korrektheit, Vollst\u00e4ndigkeit oder Qualit\u00e4t der bereitgestellten Informationen. Haftungsanspr\u00fcche gegen die Autoren, welche sich auf Sch\u00e4den materieller oder ideeller Art beziehen, die durch die Nutzung oder Nichtnutzung<\/p>\n<p><a href=\"http:\/\/decolonize-mitte.de\/?page_id=2\" class=\"more-link themebutton\">Read More<\/a><\/p>\n","protected":false},"author":1,"featured_media":0,"parent":0,"menu_order":0,"comment_status":"closed","ping_status":"closed","template":"","meta":[],"_links":{"self":[{"href":"http:\/\/decolonize-mitte.de\/index.php?rest_route=\/wp\/v2\/pages\/2"}],"collection":[{"href":"http:\/\/decolonize-mitte.de\/index.php?rest_route=\/wp\/v2\/pages"}],"about":[{"href":"http:\/\/decolonize-mitte.de\/index.php?rest_route=\/wp\/v2\/types\/page"}],"author":[{"embeddable":true,"href":"http:\/\/decolonize-mitte.de\/index.php?rest_route=\/wp\/v2\/users\/1"}],"replies":[{"embeddable":true,"href":"http:\/\/decolonize-mitte.de\/index.php?rest_route=%2Fwp%2Fv2%2Fcomments&post=2"}],"version-history":[{"count":5,"href":"http:\/\/decolonize-mitte.de\/index.php?rest_route=\/wp\/v2\/pages\/2\/revisions"}],"predecessor-version":[{"id":46,"href":"http:\/\/decolonize-mitte.de\/index.php?rest_route=\/wp\/v2\/pages\/2\/revisions\/46"}],"wp:attachment":[{"href":"http:\/\/decolonize-mitte.de\/index.php?rest_route=%2Fwp%2Fv2%2Fmedia&parent=2"}],"curies":[{"name":"wp","href":"https:\/\/api.w.org\/{rel}","templated":true}]}}